{"id":13,"date":"2021-08-04T20:46:34","date_gmt":"2021-08-04T20:46:34","guid":{"rendered":"https:\/\/becas.gov.py\/?page_id=13"},"modified":"2021-08-05T20:14:47","modified_gmt":"2021-08-05T20:14:47","slug":"el-consejo-nacional-de-becas","status":"publish","type":"page","link":"https:\/\/becas.gov.py\/?page_id=13","title":{"rendered":"El Consejo Nacional de Becas"},"content":{"rendered":"<p>[et_pb_section fb_built=\u00bb1&#8243; admin_label=\u00bbHero Section\u00bb _builder_version=\u00bb3.22&#8243; use_background_color_gradient=\u00bbon\u00bb background_color_gradient_start=\u00bb#6b73ff\u00bb background_color_gradient_end=\u00bb#000dff\u00bb background_color_gradient_direction=\u00bb100deg\u00bb background_image=\u00bbhttp:\/\/becas.gov.py\/wp-content\/uploads\/2021\/08\/section-bg-hero2.png\u00bb custom_padding=\u00bb2.2%||0%|||\u00bb][et_pb_row admin_label=\u00bbHero Area\u00bb _builder_version=\u00bb4.9.10&#8243; background_size=\u00bbinitial\u00bb background_position=\u00bbtop_left\u00bb background_repeat=\u00bbrepeat\u00bb custom_padding=\u00bb||26px|||\u00bb][et_pb_column type=\u00bb4_4&#8243; _builder_version=\u00bb4.9.10&#8243; custom_padding=\u00bb0px||0px||false|false\u00bb custom_padding__hover=\u00bb|||\u00bb][et_pb_cta title=\u00bbEl Consejo Nacional de Becas\u00bb button_url=\u00bb#\u00bb admin_label=\u00bbHero Text\u00bb _builder_version=\u00bb4.9.10&#8243; header_level=\u00bbh1&#8243; header_font=\u00bbPoppins|600|||||||\u00bb header_font_size=\u00bb48px\u00bb header_line_height=\u00bb1.4em\u00bb body_font=\u00bbPoppins||||||||\u00bb body_font_size=\u00bb18px\u00bb body_line_height=\u00bb1.8em\u00bb use_background_color=\u00bboff\u00bb custom_button=\u00bbon\u00bb button_text_size=\u00bb14px\u00bb button_text_color=\u00bb#2a2a2a\u00bb button_bg_color=\u00bb#ffffff\u00bb button_border_width=\u00bb12px\u00bb button_border_color=\u00bb#ffffff\u00bb button_letter_spacing=\u00bb2px\u00bb button_font=\u00bbPoppins|600||on|||||\u00bb button_icon=\u00bb%%3%%\u00bb text_orientation=\u00bbleft\u00bb custom_margin=\u00bb||12px||false|false\u00bb animation_style=\u00bbfade\u00bb button_text_size__hover_enabled=\u00bboff\u00bb button_one_text_size__hover_enabled=\u00bboff\u00bb button_two_text_size__hover_enabled=\u00bboff\u00bb button_text_color__hover_enabled=\u00bboff\u00bb button_one_text_color__hover_enabled=\u00bboff\u00bb button_two_text_color__hover_enabled=\u00bboff\u00bb button_border_width__hover_enabled=\u00bboff\u00bb button_one_border_width__hover_enabled=\u00bboff\u00bb button_two_border_width__hover_enabled=\u00bboff\u00bb button_border_color__hover_enabled=\u00bboff\u00bb button_one_border_color__hover_enabled=\u00bboff\u00bb button_two_border_color__hover_enabled=\u00bboff\u00bb button_border_radius__hover_enabled=\u00bboff\u00bb button_one_border_radius__hover_enabled=\u00bboff\u00bb button_two_border_radius__hover_enabled=\u00bboff\u00bb button_letter_spacing__hover_enabled=\u00bboff\u00bb button_one_letter_spacing__hover_enabled=\u00bboff\u00bb button_two_letter_spacing__hover_enabled=\u00bboff\u00bb button_bg_color__hover_enabled=\u00bboff\u00bb button_one_bg_color__hover_enabled=\u00bboff\u00bb button_two_bg_color__hover_enabled=\u00bboff\u00bb][\/et_pb_cta][\/et_pb_column][\/et_pb_row][\/et_pb_section][et_pb_section fb_built=\u00bb1&#8243; admin_label=\u00bbService Section\u00bb _builder_version=\u00bb3.22&#8243; background_image=\u00bbhttp:\/\/becas.gov.py\/wp-content\/uploads\/2021\/08\/section-bg-triangle-left3.png\u00bb background_position=\u00bbtop_center\u00bb custom_padding=\u00bb90px||90px|0px\u00bb][et_pb_row column_structure=\u00bb1_2,1_2&#8243; admin_label=\u00bbTitle Area\u00bb _builder_version=\u00bb4.9.10&#8243; custom_padding=\u00bb||40px|\u00bb][et_pb_column type=\u00bb1_2&#8243; _builder_version=\u00bb4.9.10&#8243; custom_padding=\u00bb|||\u00bb custom_padding__hover=\u00bb|||\u00bb][et_pb_text admin_label=\u00bbTitle\u00bb _builder_version=\u00bb4.9.10&#8243; text_font=\u00bbPoppins||||||||\u00bb text_line_height=\u00bb1.8em\u00bb header_font=\u00bbPoppins|600|||||||\u00bb header_font_size=\u00bb33px\u00bb header_2_font=\u00bbPoppins|600|||||||\u00bb header_2_font_size=\u00bb36px\u00bb header_2_line_height=\u00bb1.4em\u00bb module_alignment=\u00bbcenter\u00bb custom_margin=\u00bb-31px|0px|0px|0px|false|false\u00bb custom_padding=\u00bb30px|30px|30px|30px|true|true\u00bb animation_style=\u00bbslide\u00bb animation_direction=\u00bbtop\u00bb animation_intensity_slide=\u00bb10%\u00bb animation_starting_opacity=\u00bb100%\u00bb border_radii=\u00bbon|10px|10px|10px|10px\u00bb box_shadow_style=\u00bbpreset1&#8243; box_shadow_vertical=\u00bb7px\u00bb box_shadow_blur=\u00bb41px\u00bb box_shadow_color=\u00bbrgba(0,0,0,0.08)\u00bb]<\/p>\n<h1>\u00bfQu\u00e9 es el Consejo Nacional de Becas?<\/h1>\n<p>El Consejo Nacional de Becas es el \u00f3rgano dependiente del Ministerio de Educaci\u00f3n y Cultura, encargado de dise\u00f1ar pol\u00edticas, administrar, asignar, fiscalizar y evaluar todas las becas otorgadas por \u00f3rganos de la Administraci\u00f3n P\u00fablica, tanto de la Administraci\u00f3n Central como de la Descentralizada, de las Entidades Binacionales, de los Gobiernos Municipales o Departamentales, as\u00ed como las solventadas por otros Estados u Organismos P\u00fablicos Internacionales, que se canalicen a trav\u00e9s del Gobierno paraguayo.<\/p>\n<p>Tiene como finalidad garantizar el acceso equitativo a las becas existentes, a estudiantes que hayan obtenido un alto rendimiento acad\u00e9mico y carezcan de los recursos econ\u00f3micos necesarios para iniciar o proseguir sus estudios de Educaci\u00f3n Media y Educaci\u00f3n Superior.<\/p>\n<p>[\/et_pb_text][\/et_pb_column][et_pb_column type=\u00bb1_2&#8243; _builder_version=\u00bb4.9.10&#8243; custom_padding=\u00bb|||\u00bb custom_padding__hover=\u00bb|||\u00bb][et_pb_text admin_label=\u00bbTitle\u00bb _builder_version=\u00bb4.9.10&#8243; text_font=\u00bbPoppins||||||||\u00bb text_line_height=\u00bb1.8em\u00bb header_font=\u00bb||||||||\u00bb header_2_font=\u00bbPoppins|600|||||||\u00bb header_2_font_size=\u00bb36px\u00bb header_2_line_height=\u00bb1.4em\u00bb module_alignment=\u00bbcenter\u00bb animation_style=\u00bbslide\u00bb animation_direction=\u00bbtop\u00bb animation_intensity_slide=\u00bb10%\u00bb animation_starting_opacity=\u00bb100%\u00bb]<\/p>\n<h3><b>Instituciones \u00a0 Integrantes. \u00a0 <\/b><\/h3>\n<p><strong>El\u00a0 Consejo\u00a0 Nacional\u00a0 de\u00a0 Becas \u00a0 estar\u00e1\u00a0 formado de la siguiente manera: <\/strong><\/p>\n<ol>\n<li style=\"list-style-type: none;\">\n<ol>\n<li style=\"font-weight: 400;\" aria-level=\"3\"><span style=\"font-weight: 400;\">Un representante del Ministerio de Educaci\u00f3n y Cultura, quien presidir\u00e1 dicho Consejo.<\/span><\/li>\n<li style=\"font-weight: 400;\" aria-level=\"3\"><span style=\"font-weight: 400;\">Un representante del Ministerio de Relaciones exteriores.<\/span><\/li>\n<li style=\"font-weight: 400;\" aria-level=\"3\"><span style=\"font-weight: 400;\">Un representante del Ministerio de la Mujer.<\/span><\/li>\n<li style=\"font-weight: 400;\" aria-level=\"3\"><span style=\"font-weight: 400;\">Un representante de<\/span> l<span style=\"font-weight: 400;\">a Secretar\u00eda<\/span> Te<span style=\"font-weight: 400;\">cnica<\/span> de Pl<span style=\"font-weight: 400;\">anificaci\u00f3n.<\/span><\/li>\n<li style=\"font-weight: 400;\" aria-level=\"3\"><span style=\"font-weight: 400;\">Un representante del Viceministerio de la Juventud<\/span><\/li>\n<li style=\"font-weight: 400;\" aria-level=\"3\"><span style=\"font-weight: 400;\">Un representante de los Gobernadores.<\/span><\/li>\n<li style=\"font-weight: 400;\" aria-level=\"3\"><span style=\"font-weight: 400;\">Un representante de los lntendentes Municipales.<\/span><\/li>\n<li style=\"font-weight: 400;\" aria-level=\"3\"><span style=\"font-weight: 400;\">Un representante del Consejo de Universidades.<\/span><\/li>\n<li style=\"font-weight: 400;\" aria-level=\"3\"><span style=\"font-weight: 400;\">Un representante del Consejo Nacional de Ciencia y Tecnolog\u00eda (CONACYT).<\/span><\/li>\n<li style=\"font-weight: 400;\" aria-level=\"3\"><span style=\"font-weight: 400;\">Un representante del Ministerio de Justicia y Trabajo.<\/span><\/li>\n<\/ol>\n<\/li>\n<\/ol>\n<p><em>Los representantes de los ministerios ser\u00e1n designados por los respectivos ministros, as\u00ed como el de los gobernadores e intendentes ser\u00e1n por sus pares. Los dem\u00e1s integrantes ser\u00e1n designados por la m\u00e1xima autoridad de la instituci\u00f3n que represente.<\/em><\/p>\n<p>[\/et_pb_text][\/et_pb_column][\/et_pb_row][et_pb_row _builder_version=\u00bb4.9.10&#8243; _module_preset=\u00bbdefault\u00bb][et_pb_column type=\u00bb4_4&#8243; _builder_version=\u00bb4.9.10&#8243; _module_preset=\u00bbdefault\u00bb][et_pb_text admin_label=\u00bbTitle\u00bb _builder_version=\u00bb4.9.10&#8243; text_font=\u00bbPoppins||||||||\u00bb text_line_height=\u00bb1.8em\u00bb header_font=\u00bb||||||||\u00bb header_2_font=\u00bbPoppins|600|||||||\u00bb header_2_font_size=\u00bb36px\u00bb header_2_line_height=\u00bb1.4em\u00bb module_alignment=\u00bbcenter\u00bb animation_style=\u00bbslide\u00bb animation_direction=\u00bbtop\u00bb animation_intensity_slide=\u00bb10%\u00bb animation_starting_opacity=\u00bb100%\u00bb]<\/p>\n<h3><b>Deberes\u00a0 y\u00a0 atribuciones.\u00a0 \u00a0\u00a0<\/b><\/h3>\n<p>El Consejo Nacional de Becas tendr\u00e1 las siguientes atribuciones.<\/p>\n<ol>\n<li style=\"font-weight: 400;\" aria-level=\"1\"><span style=\"font-weight: 400;\">Elaborar, coordinar y monitorear un plan nacional de becas y el programa de <\/span><span style=\"font-weight: 400;\">implementaci\u00f3n correspondiente, cuyo cronograma de ejecuci\u00f3n anual deber\u00e1 ser <\/span><span style=\"font-weight: 400;\">propuesto al Poder Ejecutivo y al Parlamento antes del 15 de marzo de cada a\u00f1o.<\/span><\/li>\n<li style=\"font-weight: 400;\" aria-level=\"1\"><span style=\"font-weight: 400;\">Determinar al inicio de cada a\u00f1o lectivo, la cantidad de becas que se <\/span><span style=\"font-weight: 400;\">otorgar\u00e1n por niveles y\/o \u00e1reas de estudio, teniendo en cuenta en cada caso la cantidad de estudiantes y los \u00edndices de deserci\u00f3n.<\/span><\/li>\n<li style=\"font-weight: 400;\" aria-level=\"1\"><span style=\"font-weight: 400;\">Establecer las modalidades y los montos de las becas ofrecidas as\u00ed como de <\/span><span style=\"font-weight: 400;\">sus renovaciones, determinar el nivel acad\u00e9mico requerido para obtenerlas y la fecha en que se decidir\u00e1n las adjudicaciones.<\/span><\/li>\n<li style=\"font-weight: 400;\" aria-level=\"1\"><span style=\"font-weight: 400;\">Convocar a los interesados en becas de estudio, ordenando las publicaciones <\/span>pertinentes.<\/li>\n<li style=\"font-weight: 400;\" aria-level=\"1\">Adjudicar las becas a los postulantes conforme a los criterios de selecci\u00f3n establecidos para cada beca y publicar la lista de beneficiarios en la p\u00e1gina web, en un espacio especialmente otorgado para el efecto.<\/li>\n<li style=\"font-weight: 400;\" aria-level=\"1\"><span style=\"font-weight: 400;\">Establecer dentro del marco legal, los lineamientos, criterios y procedimientos <\/span><span style=\"font-weight: 400;\">de tramitaci\u00f3n, otorgamiento, negativas y cancelaciones de las becas disponibles, actualiz\u00e1ndolos permanentemente para que se adapten a la realidad y a las <\/span><span style=\"font-weight: 400;\">necesidades nacionales.<\/span><\/li>\n<li style=\"font-weight: 400;\" aria-level=\"1\"><span style=\"font-weight: 400;\">Realizar un seguimiento constante de la situaci\u00f3n acad\u00e9mica de los becarios que usufruct\u00faan sus becas en el pa\u00eds o en el exterior as\u00ed como una evaluaci\u00f3n <\/span><span style=\"font-weight: 400;\">objetiva de los resultados de la beca, a los efectos de proponer mejoras en su dise\u00f1o e implementaci\u00f3n.<\/span><\/li>\n<li style=\"font-weight: 400;\" aria-level=\"1\"><span style=\"font-weight: 400;\">Realizar campa\u00f1as de promoci\u00f3n de carreras con bases tecnol\u00f3gicas entre <\/span>j\u00f3venes de la comunidad.<\/li>\n<li style=\"font-weight: 400;\" aria-level=\"1\"><span style=\"font-size: 16px;\">Fijar las reglas generales que deber\u00e1 observar el Consejo para la suscripci\u00f3n <\/span><span style=\"font-size: 16px;\">con el sector p\u00fablico, privado y social, de acuerdos, convenios y contratos relativos a <\/span><span style=\"font-size: 16px;\">programas de becas.<\/span><\/li>\n<li style=\"font-weight: 400;\" aria-level=\"1\"><span style=\"font-weight: 400;\">Establecer medidas que garanticen la transparencia, eficiencia y efectividad <\/span><span style=\"font-weight: 400;\">de los programas de becas as\u00ed como de los procesos de adjudicaci\u00f3n de las <\/span><span style=\"font-weight: 400;\">mismas.<\/span><\/li>\n<li style=\"font-weight: 400;\" aria-level=\"1\"><span style=\"font-weight: 400;\">Celebrar convenios necesarios, a fin de contar con la mayor cantidad de instituciones educativas para los programas de becas establecidas a nivel nacional e <\/span><span style=\"font-weight: 400;\">internacional.<\/span><\/li>\n<li style=\"font-weight: 400;\" aria-level=\"1\"><span style=\"font-weight: 400;\">Crear un Registro Nacional de Becas y Becarios.<\/span><\/li>\n<li style=\"font-weight: 400;\" aria-level=\"1\">Solicitar informe a las dependencias y entidades estatales, municipales y departamentales que cuentan con programas de becas.<\/li>\n<li style=\"font-weight: 400;\" aria-level=\"1\"><span style=\"font-weight: 400;\">Elaborar su propio reglamento.<\/span><\/li>\n<li style=\"font-weight: 400;\" aria-level=\"1\">Aprobar el Informe Anual de Actividades, la Memoria y el Balance del a\u00f1o <span style=\"font-size: 16px;\">anterior, el anteproyecto de Presupuesto debidamente justificado y los planes de <\/span><span style=\"font-size: 16px;\">trabajo acorde al presupuesto que la Ley le asigne para cada ejercicio.<\/span><\/li>\n<li style=\"font-weight: 400;\" aria-level=\"1\"><span style=\"font-weight: 400;\">Publicar un resumen de las becas disponibles.<\/span><\/li>\n<li style=\"font-weight: 400;\" aria-level=\"1\">Establecer las pol\u00edticas de retribuci\u00f3n de los becarios al Estado paraguayo en proporci\u00f3n a la importancia de la beca obtenida.<\/li>\n<li style=\"font-weight: 400;\" aria-level=\"1\"><span style=\"font-weight: 400;\">Dirimir conflictos y reconsiderar resoluciones referidas al otorgamiento de las <\/span>becas que administra.<\/li>\n<li style=\"font-weight: 400;\" aria-level=\"1\">Orientar las becas a carreras acordes a las pol\u00edticas de desarrollo nacional.<\/li>\n<li style=\"font-weight: 400;\" aria-level=\"1\"><span style=\"font-weight: 400;\">Incentivar las carreras acorde a las necesidades del mercado laboral, <\/span><span style=\"font-weight: 400;\">especialmente las carreras t\u00e9cnicas y de mandos medios con el programa nacional <\/span><span style=\"font-weight: 400;\">de becas.<\/span><\/li>\n<li style=\"font-weight: 400;\" aria-level=\"1\">Promover la investigaci\u00f3n con el prop\u00f3sito de aumentar los conocimientos en \u00e1reas que fortalezcan pol\u00edticas de competitividad.<\/li>\n<li style=\"font-weight: 400;\" aria-level=\"1\">Gestionar con el sector privado, bancos, financieras, cooperativas, etc., cr\u00e9ditos blandos con a\u00f1os de gracia, con bajo inter\u00e9s para alumnos de escasos recurso; y,<\/li>\n<li style=\"font-weight: 400;\" aria-level=\"1\"><span style=\"font-weight: 400;\">Todas las dem\u00e1s establecidas en la presente Ley.<\/span><\/li>\n<\/ol>\n<p>&nbsp;<\/p>\n<p>[\/et_pb_text][\/et_pb_column][\/et_pb_row][\/et_pb_section][et_pb_section fb_built=\u00bb1&#8243; _builder_version=\u00bb4.9.10&#8243; _module_preset=\u00bbdefault\u00bb background_color=\u00bb#002975&#8243; custom_padding=\u00bb14px||7px|||\u00bb global_module=\u00bb189&#8243;][et_pb_row column_structure=\u00bb3_4,1_4&#8243; _builder_version=\u00bb4.9.10&#8243; _module_preset=\u00bbdefault\u00bb custom_css_main_element=\u00bbdisplay:flex;||align-items:center;\u00bb][et_pb_column type=\u00bb3_4&#8243; _builder_version=\u00bb4.9.10&#8243; _module_preset=\u00bbdefault\u00bb][et_pb_image src=\u00bbhttp:\/\/becas.gov.py\/wp-content\/uploads\/2021\/08\/logos-becas-claro.png\u00bb title_text=\u00bblogos-becas-claro\u00bb _builder_version=\u00bb4.9.10&#8243; _module_preset=\u00bbdefault\u00bb][\/et_pb_image][\/et_pb_column][et_pb_column type=\u00bb1_4&#8243; _builder_version=\u00bb4.9.10&#8243; _module_preset=\u00bbdefault\u00bb][et_pb_image src=\u00bbhttp:\/\/becas.gov.py\/wp-content\/uploads\/2021\/08\/Marca-MITIC-desarrollado-por-ALT.png\u00bb title_text=\u00bbMarca-MITIC-desarrollado-por-ALT\u00bb _builder_version=\u00bb4.9.10&#8243; _module_preset=\u00bbdefault\u00bb][\/et_pb_image][\/et_pb_column][\/et_pb_row][\/et_pb_section]<\/p>\n","protected":false},"excerpt":{"rendered":"<p>\u00bfQu\u00e9 es el Consejo Nacional de Becas? El Consejo Nacional de Becas es el \u00f3rgano dependiente del Ministerio de Educaci\u00f3n y Cultura, encargado de dise\u00f1ar pol\u00edticas, administrar, asignar, fiscalizar y evaluar todas las becas otorgadas por \u00f3rganos de la Administraci\u00f3n P\u00fablica, tanto de la Administraci\u00f3n Central como de la Descentralizada, de las Entidades Binacionales, de [&hellip;]<\/p>\n","protected":false},"author":1,"featured_media":0,"parent":0,"menu_order":0,"comment_status":"closed","ping_status":"closed","template":"","meta":{"_acf_changed":false,"_et_pb_use_builder":"on","_et_pb_old_content":"","_et_gb_content_width":"","footnotes":""},"class_list":["post-13","page","type-page","status-publish","hentry"],"acf":[],"_links":{"self":[{"href":"https:\/\/becas.gov.py\/index.php?rest_route=\/wp\/v2\/pages\/13","targetHints":{"allow":["GET"]}}],"collection":[{"href":"https:\/\/becas.gov.py\/index.php?rest_route=\/wp\/v2\/pages"}],"about":[{"href":"https:\/\/becas.gov.py\/index.php?rest_route=\/wp\/v2\/types\/page"}],"author":[{"embeddable":true,"href":"https:\/\/becas.gov.py\/index.php?rest_route=\/wp\/v2\/users\/1"}],"replies":[{"embeddable":true,"href":"https:\/\/becas.gov.py\/index.php?rest_route=%2Fwp%2Fv2%2Fcomments&post=13"}],"version-history":[{"count":40,"href":"https:\/\/becas.gov.py\/index.php?rest_route=\/wp\/v2\/pages\/13\/revisions"}],"predecessor-version":[{"id":191,"href":"https:\/\/becas.gov.py\/index.php?rest_route=\/wp\/v2\/pages\/13\/revisions\/191"}],"wp:attachment":[{"href":"https:\/\/becas.gov.py\/index.php?rest_route=%2Fwp%2Fv2%2Fmedia&parent=13"}],"curies":[{"name":"wp","href":"https:\/\/api.w.org\/{rel}","templated":true}]}}