{"id":128,"date":"2021-08-05T18:04:07","date_gmt":"2021-08-05T18:04:07","guid":{"rendered":"http:\/\/becas.gov.py\/?page_id=128"},"modified":"2021-08-05T20:15:08","modified_gmt":"2021-08-05T20:15:08","slug":"derechos-y-obligaciones-del-becario","status":"publish","type":"page","link":"https:\/\/becas.gov.py\/?page_id=128","title":{"rendered":"Derechos y obligaciones del becario"},"content":{"rendered":"<p>[et_pb_section fb_built=\u00bb1&#8243; admin_label=\u00bbHero Section\u00bb _builder_version=\u00bb3.22&#8243; use_background_color_gradient=\u00bbon\u00bb background_color_gradient_start=\u00bb#6b73ff\u00bb background_color_gradient_end=\u00bb#000dff\u00bb background_color_gradient_direction=\u00bb100deg\u00bb background_image=\u00bbhttp:\/\/becas.gov.py\/wp-content\/uploads\/2021\/08\/section-bg-hero2.png\u00bb custom_padding=\u00bb2.2%||0%|||\u00bb][et_pb_row admin_label=\u00bbHero Area\u00bb _builder_version=\u00bb4.9.10&#8243; background_size=\u00bbinitial\u00bb background_position=\u00bbtop_left\u00bb background_repeat=\u00bbrepeat\u00bb custom_padding=\u00bb||26px|||\u00bb][et_pb_column type=\u00bb4_4&#8243; _builder_version=\u00bb4.9.10&#8243; custom_padding=\u00bb0px||0px||false|false\u00bb custom_padding__hover=\u00bb|||\u00bb][et_pb_cta title=\u00bbDerechos y obligaciones del becario\u00bb button_url=\u00bb#\u00bb admin_label=\u00bbHero Text\u00bb _builder_version=\u00bb4.9.10&#8243; header_level=\u00bbh1&#8243; header_font=\u00bbPoppins|600|||||||\u00bb header_font_size=\u00bb48px\u00bb header_line_height=\u00bb1.4em\u00bb body_font=\u00bbPoppins||||||||\u00bb body_font_size=\u00bb18px\u00bb body_line_height=\u00bb1.8em\u00bb use_background_color=\u00bboff\u00bb custom_button=\u00bbon\u00bb button_text_size=\u00bb14px\u00bb button_text_color=\u00bb#2a2a2a\u00bb button_bg_color=\u00bb#ffffff\u00bb button_border_width=\u00bb12px\u00bb button_border_color=\u00bb#ffffff\u00bb button_letter_spacing=\u00bb2px\u00bb button_font=\u00bbPoppins|600||on|||||\u00bb button_icon=\u00bb%%3%%\u00bb text_orientation=\u00bbleft\u00bb custom_margin=\u00bb||12px||false|false\u00bb animation_style=\u00bbfade\u00bb button_text_size__hover_enabled=\u00bboff\u00bb button_one_text_size__hover_enabled=\u00bboff\u00bb button_two_text_size__hover_enabled=\u00bboff\u00bb button_text_color__hover_enabled=\u00bboff\u00bb button_one_text_color__hover_enabled=\u00bboff\u00bb button_two_text_color__hover_enabled=\u00bboff\u00bb button_border_width__hover_enabled=\u00bboff\u00bb button_one_border_width__hover_enabled=\u00bboff\u00bb button_two_border_width__hover_enabled=\u00bboff\u00bb button_border_color__hover_enabled=\u00bboff\u00bb button_one_border_color__hover_enabled=\u00bboff\u00bb button_two_border_color__hover_enabled=\u00bboff\u00bb button_border_radius__hover_enabled=\u00bboff\u00bb button_one_border_radius__hover_enabled=\u00bboff\u00bb button_two_border_radius__hover_enabled=\u00bboff\u00bb button_letter_spacing__hover_enabled=\u00bboff\u00bb button_one_letter_spacing__hover_enabled=\u00bboff\u00bb button_two_letter_spacing__hover_enabled=\u00bboff\u00bb button_bg_color__hover_enabled=\u00bboff\u00bb button_one_bg_color__hover_enabled=\u00bboff\u00bb button_two_bg_color__hover_enabled=\u00bboff\u00bb][\/et_pb_cta][\/et_pb_column][\/et_pb_row][\/et_pb_section][et_pb_section fb_built=\u00bb1&#8243; admin_label=\u00bbService Section\u00bb _builder_version=\u00bb3.22&#8243; background_image=\u00bbhttp:\/\/becas.gov.py\/wp-content\/uploads\/2021\/08\/section-bg-triangle-left3.png\u00bb background_position=\u00bbtop_center\u00bb custom_padding=\u00bb90px||90px|0px\u00bb][et_pb_row _builder_version=\u00bb4.9.10&#8243; _module_preset=\u00bbdefault\u00bb][et_pb_column type=\u00bb4_4&#8243; _builder_version=\u00bb4.9.10&#8243; _module_preset=\u00bbdefault\u00bb][et_pb_text admin_label=\u00bbTitle\u00bb _builder_version=\u00bb4.9.10&#8243; text_font=\u00bbPoppins||||||||\u00bb text_line_height=\u00bb1.8em\u00bb header_font=\u00bbPoppins|600|||||||\u00bb header_font_size=\u00bb33px\u00bb header_2_font=\u00bbPoppins|600|||||||\u00bb header_2_font_size=\u00bb36px\u00bb header_2_line_height=\u00bb1.4em\u00bb module_alignment=\u00bbcenter\u00bb custom_margin=\u00bb-31px|0px|0px|0px|false|false\u00bb custom_padding=\u00bb30px|30px|30px|30px|true|true\u00bb animation_style=\u00bbslide\u00bb animation_direction=\u00bbtop\u00bb animation_intensity_slide=\u00bb10%\u00bb animation_starting_opacity=\u00bb100%\u00bb border_radii=\u00bbon|10px|10px|10px|10px\u00bb box_shadow_style=\u00bbpreset1&#8243; box_shadow_vertical=\u00bb7px\u00bb box_shadow_blur=\u00bb41px\u00bb box_shadow_color=\u00bbrgba(0,0,0,0.08)\u00bb]<\/p>\n<h1>Derechos y obligaciones del becario<\/h1>\n<ol>\n<li style=\"font-weight: 400;\" aria-level=\"1\"><span style=\"font-weight: 400;\">Recibir las becas adjudicadas seg\u00fan las formalidades establecidas por el Consejo Nacional de Becas.<\/span><\/li>\n<li style=\"font-weight: 400;\" aria-level=\"1\"><span style=\"font-weight: 400;\">Ser considerado para la renovaci\u00f3n de la beca para el siguiente ciclo lectivo <\/span>siempre y cuando re\u00fana los requisitos de acceso a la misma.<\/li>\n<li style=\"font-weight: 400;\" aria-level=\"1\">Usufructuar de la beca sin necesidad de realizar pago extraordinario <span style=\"font-size: 16px;\">alguno, <\/span><span style=\"font-size: 16px;\">donaci\u00f3n o contribuci\u00f3n a su instituto educativo o a alg\u00fan integrante o grupo <\/span><span style=\"font-size: 16px;\">cualquiera de la comunidad donde realiza sus estudios.<\/span><\/li>\n<li style=\"font-weight: 400;\" aria-level=\"1\"><span style=\"font-size: 16px;\"><span style=\"font-weight: 400;\">Recibir el apoyo del representante diplom\u00e1tico y\/o consular paraguayo del lugar donde cumpla sus estudios, en caso de usufructuar becas en el exterior.<\/span><\/span><\/li>\n<li style=\"font-weight: 400;\" aria-level=\"1\">Solicitar por escrito toda informaci\u00f3n que conste en su legajo en el Consejo Nacional de Becas y acceder a ellas.<\/li>\n<\/ol>\n<p>[\/et_pb_text][\/et_pb_column][\/et_pb_row][et_pb_row column_structure=\u00bb1_2,1_2&#8243; admin_label=\u00bbTitle Area\u00bb _builder_version=\u00bb4.9.10&#8243; custom_padding=\u00bb||40px|\u00bb][et_pb_column type=\u00bb1_2&#8243; _builder_version=\u00bb4.9.10&#8243; custom_padding=\u00bb|||\u00bb custom_padding__hover=\u00bb|||\u00bb][et_pb_text admin_label=\u00bbTitle\u00bb _builder_version=\u00bb4.9.10&#8243; text_font=\u00bbPoppins||||||||\u00bb text_line_height=\u00bb1.8em\u00bb header_font=\u00bb||||||||\u00bb header_2_font=\u00bbPoppins|600|||||||\u00bb header_2_font_size=\u00bb36px\u00bb header_2_line_height=\u00bb1.4em\u00bb module_alignment=\u00bbcenter\u00bb animation_style=\u00bbslide\u00bb animation_direction=\u00bbtop\u00bb animation_intensity_slide=\u00bb10%\u00bb animation_starting_opacity=\u00bb100%\u00bb]<\/p>\n<h3>Obligaciones de becarios en Paraguay.<\/h3>\n<p><strong>Son obligaciones de los becarios que usufruct\u00faen becas en la Rep\u00fablica:<\/strong><\/p>\n<ol>\n<li style=\"list-style-type: none;\">\n<ol>\n<li><span style=\"font-size: 16px;\">Informar en forma cierta y precisa la direcci\u00f3n de su residencia y todo cambio <\/span>de domicilio.<\/li>\n<li>Comunicar en forma semestral o por cada per\u00edodo lectivo sobre la asistencia al instituto educativo seleccionado para la realizaci\u00f3n de los estudios, y remitir los documentos respaldatorios de los pagos efectuados con los montos percibidos. Todos estos documentos deber\u00e1n contener las firmas habilitadas por las entidades educativas.<\/li>\n<li>Deber\u00e1 remitir en forma semestral o por cada per\u00edodo lectivo, los certificados de calificaciones obtenidas.<\/li>\n<li>En caso de que el beneficiado desista de usufructuar la beca, deber\u00e1 <span style=\"font-size: 16px;\">comunicar al Consejo Nacional de Becas, en forma escrita y fundamentada, las <\/span><span style=\"font-size: 16px;\">razones de dicha determinaci\u00f3n, y devolver el o los montos percibidos hasta el <\/span><span style=\"font-size: 16px;\">momentos del desistimiento, salvo aquellos casos en que el desistimiento sea por <\/span><span style=\"font-size: 16px;\">motivos no imputables al becario.<\/span><\/li>\n<li>Asistir a clases, y ajustar sus conductas a las Leyes en general y reglamentos de la respectiva entidad educativa.<\/li>\n<li>informar sobre cualquier variaci\u00f3n sobre su condici\u00f3n econ\u00f3mica particular y familiar.<\/li>\n<li>Difundir los conocimientos adquiridos, participando en forma gratuita, en <span style=\"font-size: 16px;\">alguna actividad acad\u00e9mica organizada o coordinada por el Ministerio de Educaci\u00f3n y Cultura, dirigida a instituciones p\u00fablicas educativas del pa\u00eds, que ser\u00e1 <\/span><span style=\"font-size: 16px;\">reglamentado por el Consejo Nacional de Becas, luego de la elaboraci\u00f3n de un <\/span><span style=\"font-size: 16px;\">programa de voluntariado en car\u00e1cter de retorno social del becado; y,<\/span><\/li>\n<li>Dem\u00e1s obligaciones establecidas en el reglamento del Consejo Nacional de Becas.<\/li>\n<\/ol>\n<\/li>\n<\/ol>\n<p>[\/et_pb_text][\/et_pb_column][et_pb_column type=\u00bb1_2&#8243; _builder_version=\u00bb4.9.10&#8243; custom_padding=\u00bb|||\u00bb custom_padding__hover=\u00bb|||\u00bb][et_pb_text admin_label=\u00bbTitle\u00bb _builder_version=\u00bb4.9.10&#8243; text_font=\u00bbPoppins||||||||\u00bb text_line_height=\u00bb1.8em\u00bb header_font=\u00bb||||||||\u00bb header_2_font=\u00bbPoppins|600|||||||\u00bb header_2_font_size=\u00bb36px\u00bb header_2_line_height=\u00bb1.4em\u00bb module_alignment=\u00bbcenter\u00bb animation_style=\u00bbslide\u00bb animation_direction=\u00bbtop\u00bb animation_intensity_slide=\u00bb10%\u00bb animation_starting_opacity=\u00bb100%\u00bb]<\/p>\n<h3>Obligaciones de becarios en el exterior.<\/h3>\n<p><strong>Son obligaciones de los becarios que usufruct\u00faen becas en el extranjero:<\/strong><\/p>\n<ol>\n<li style=\"list-style-type: none;\">\n<ol>\n<li style=\"font-weight: 400;\" aria-level=\"1\"><span style=\"font-weight: 400;\">Comunicar a la representaci\u00f3n diplom\u00e1tica o consular paraguaya en el plazo no mayor a un mes de su llegada al pa\u00eds donde curse sus estudios, y si no fuere posible por lo menos a la representaci\u00f3n diplom\u00e1tica m\u00e1s pr\u00f3xima.<\/span><\/li>\n<li style=\"font-weight: 400;\" aria-level=\"1\"><span style=\"font-weight: 400;\">Obtener la matr\u00edcula y\/o inscripci\u00f3n del instituto escogido e informarlo al <\/span>Consejo Nacional de Becas, acompa\u00f1ado del documento respectivo.<\/li>\n<li style=\"font-weight: 400;\" aria-level=\"1\"><span style=\"font-weight: 400;\">Informar al Consejo Nacional de Becas y al represe<\/span><span style=\"font-weight: 400;\">ntante Diplom\u00e1tico o <\/span>Consular, en forma semestral o por cada per\u00edodo Iectivo; sobre su<span style=\"font-size: 16px;\"> <\/span><span style=\"font-size: 16px;\">asistencia a <\/span>clases<span style=\"font-size: 16px;\"> <\/span><span style=\"font-size: 16px;\">y<\/span><span style=\"font-size: 16px;\"> <\/span><span style=\"font-size: 16px;\">los<\/span><span style=\"font-size: 16px;\"> <\/span><span style=\"font-size: 16px;\">pagos<\/span><span style=\"font-size: 16px;\"> <\/span><span style=\"font-size: 16px;\">efectuados con<\/span>\u00a0<span style=\"font-size: 16px;\">fondos<\/span><span style=\"font-size: 16px;\"> <\/span><span style=\"font-size: 16px;\">de<\/span><span style=\"font-size: 16px;\"> la <\/span><span style=\"font-size: 16px;\">beca,<\/span><span style=\"font-size: 16px;\"> acom<\/span><span style=\"font-size: 16px;\">pa\u00f1ando<\/span><span style=\"font-size: 16px;\"> la documentaci\u00f3n respaldatoria.<\/span><\/li>\n<li style=\"font-weight: 400;\" aria-level=\"1\"><span style=\"font-weight: 400;\">Permitir en forma semestral o por cada periodo lectivo, los certificados de calificaciones obtenidas, con los sellos diplom\u00e1ticos y consulares respectivos.<\/span><\/li>\n<li style=\"font-weight: 400;\" aria-level=\"1\"><span style=\"font-weight: 400;\">Asistir a clases y observar una buena conducta p\u00fablica y privada, <\/span><span style=\"font-weight: 400;\">contribuyendo de esa manera al prestigio del Paraguay, absteni\u00e9ndose de participar <\/span><span style=\"font-weight: 400;\">de cualquier actividad incompatible con su condici\u00f3n de estudiante.<\/span><\/li>\n<li style=\"font-weight: 400;\" aria-level=\"1\"><span style=\"font-weight: 400;\">Cumplir a cabalidad con las instrucciones que les sean impartidas por el <\/span><span style=\"font-weight: 400;\">Consejo Nacional de Becas o por los representantes diplom\u00e1ticos y\/o consulares paraguayos en el pa\u00eds que realice sus estudios.<\/span><\/li>\n<li style=\"font-weight: 400;\" aria-level=\"1\"><span style=\"font-weight: 400;\">En caso de que el beneficiado desista de usufructuar la beca, deber\u00e1 comunicar al Consejo Nacional de Becas y al representante diplom\u00e1tico y\/o consular, en forma escrita y fundamentada, las razones de dicha determinaci\u00f3n, y devolver el o los montos percibidos hasta el momento del desistimiento en cualquier concepto, salvo aquellos casos en que el desistimiento sea por motivos no imputables al becario.<\/span><\/li>\n<li style=\"font-weight: 400;\" aria-level=\"1\"><span style=\"font-weight: 400;\">Retornar al pa\u00eds al t\u00e9rmino de sus estudios y trabajar en la profesi\u00f3n o \u00e1rea en la que fueron instruidos, ya sea en el sector p\u00fablico, privado o en la docencia, por un tiempo igual al que dur\u00f3 la beca y preferentemente en su regi\u00f3n de origen. Para el efecto, los gobiernos Departamentales y Municipales suscribir\u00e1n convenios para garantizar la contrataci\u00f3n de los beneficiarios al t\u00e9rmino de sus estudios.<\/span><\/li>\n<li style=\"font-weight: 400;\" aria-level=\"1\"><span style=\"font-weight: 400;\">En caso de incumplimiento del inciso anterior, el beneficiario o su responsable legal deber\u00e1 devolver el valor de la beca.<\/span><\/li>\n<li style=\"font-weight: 400;\" aria-level=\"1\"><span style=\"font-weight: 400;\">Difundir los conocimientos adquiridos, participando en forma gratuita, en alguna actividad acad\u00e9mica organizada o coordinada por el Ministerio de Educaci\u00f3n y Cultura, dirigida a instituciones p\u00fablicas educativas de nivel t\u00e9cnico, vocacional y superior, o publicar los trabajos de tesis o similares elaborados en el marco de sus estudios; y,<\/span><\/li>\n<li style=\"font-weight: 400;\" aria-level=\"1\"><span style=\"font-weight: 400;\">Cumplir con las dem\u00e1s obligaciones establecidas en el reglamento del Consejo Nacional de Becas.<\/span><\/li>\n<\/ol>\n<\/li>\n<\/ol>\n<p>[\/et_pb_text][\/et_pb_column][\/et_pb_row][\/et_pb_section][et_pb_section fb_built=\u00bb1&#8243; _builder_version=\u00bb4.9.10&#8243; _module_preset=\u00bbdefault\u00bb background_color=\u00bb#002975&#8243; custom_padding=\u00bb14px||7px|||\u00bb global_module=\u00bb189&#8243;][et_pb_row column_structure=\u00bb3_4,1_4&#8243; _builder_version=\u00bb4.9.10&#8243; _module_preset=\u00bbdefault\u00bb custom_css_main_element=\u00bbdisplay:flex;||align-items:center;\u00bb][et_pb_column type=\u00bb3_4&#8243; _builder_version=\u00bb4.9.10&#8243; _module_preset=\u00bbdefault\u00bb][et_pb_image src=\u00bbhttp:\/\/becas.gov.py\/wp-content\/uploads\/2021\/08\/logos-becas-claro.png\u00bb title_text=\u00bblogos-becas-claro\u00bb _builder_version=\u00bb4.9.10&#8243; _module_preset=\u00bbdefault\u00bb][\/et_pb_image][\/et_pb_column][et_pb_column type=\u00bb1_4&#8243; _builder_version=\u00bb4.9.10&#8243; _module_preset=\u00bbdefault\u00bb][et_pb_image src=\u00bbhttp:\/\/becas.gov.py\/wp-content\/uploads\/2021\/08\/Marca-MITIC-desarrollado-por-ALT.png\u00bb title_text=\u00bbMarca-MITIC-desarrollado-por-ALT\u00bb _builder_version=\u00bb4.9.10&#8243; _module_preset=\u00bbdefault\u00bb][\/et_pb_image][\/et_pb_column][\/et_pb_row][\/et_pb_section]<\/p>\n","protected":false},"excerpt":{"rendered":"<p>Derechos y obligaciones del becario Recibir las becas adjudicadas seg\u00fan las formalidades establecidas por el Consejo Nacional de Becas. Ser considerado para la renovaci\u00f3n de la beca para el siguiente ciclo lectivo siempre y cuando re\u00fana los requisitos de acceso a la misma. Usufructuar de la beca sin necesidad de realizar pago extraordinario alguno, donaci\u00f3n [&hellip;]<\/p>\n","protected":false},"author":1,"featured_media":0,"parent":0,"menu_order":0,"comment_status":"closed","ping_status":"closed","template":"","meta":{"_acf_changed":false,"_et_pb_use_builder":"on","_et_pb_old_content":"","_et_gb_content_width":"","footnotes":""},"class_list":["post-128","page","type-page","status-publish","hentry"],"acf":[],"_links":{"self":[{"href":"https:\/\/becas.gov.py\/index.php?rest_route=\/wp\/v2\/pages\/128","targetHints":{"allow":["GET"]}}],"collection":[{"href":"https:\/\/becas.gov.py\/index.php?rest_route=\/wp\/v2\/pages"}],"about":[{"href":"https:\/\/becas.gov.py\/index.php?rest_route=\/wp\/v2\/types\/page"}],"author":[{"embeddable":true,"href":"https:\/\/becas.gov.py\/index.php?rest_route=\/wp\/v2\/users\/1"}],"replies":[{"embeddable":true,"href":"https:\/\/becas.gov.py\/index.php?rest_route=%2Fwp%2Fv2%2Fcomments&post=128"}],"version-history":[{"count":5,"href":"https:\/\/becas.gov.py\/index.php?rest_route=\/wp\/v2\/pages\/128\/revisions"}],"predecessor-version":[{"id":192,"href":"https:\/\/becas.gov.py\/index.php?rest_route=\/wp\/v2\/pages\/128\/revisions\/192"}],"wp:attachment":[{"href":"https:\/\/becas.gov.py\/index.php?rest_route=%2Fwp%2Fv2%2Fmedia&parent=128"}],"curies":[{"name":"wp","href":"https:\/\/api.w.org\/{rel}","templated":true}]}}